{"id":6606,"date":"2025-04-09T21:36:08","date_gmt":"2025-04-09T21:36:08","guid":{"rendered":"https:\/\/introducinghomeopathy.com\/?page_id=6606"},"modified":"2025-04-23T16:34:55","modified_gmt":"2025-04-23T16:34:55","slug":"french-film","status":"publish","type":"page","link":"https:\/\/introducinghomeopathy.com\/ja\/french-film\/","title":{"rendered":"Introducing Homeopathy &#8211; French Subtitles"},"content":{"rendered":"<div data-elementor-type=\"wp-page\" data-elementor-id=\"6606\" class=\"elementor elementor-6606\" data-elementor-post-type=\"page\">\n\t\t\t\t\t\t<section class=\"elementor-section elementor-top-section elementor-element elementor-element-a4388fa elementor-section-boxed elementor-section-height-default elementor-section-height-default\" data-id=\"a4388fa\" data-element_type=\"section\" data-e-type=\"section\" data-settings=\"{&quot;background_background&quot;:&quot;gradient&quot;}\">\n\t\t\t\t\t\t<div class=\"elementor-container elementor-column-gap-default\">\n\t\t\t\t\t<div class=\"elementor-column elementor-col-100 elementor-top-column elementor-element elementor-element-206d283\" data-id=\"206d283\" data-element_type=\"column\" data-e-type=\"column\">\n\t\t\t<div class=\"elementor-widget-wrap elementor-element-populated\">\n\t\t\t\t\t\t<div class=\"elementor-element elementor-element-ca05318 elementor-widget elementor-widget-spacer\" data-id=\"ca05318\" data-element_type=\"widget\" data-e-type=\"widget\" data-widget_type=\"spacer.default\">\n\t\t\t\t<div class=\"elementor-widget-container\">\n\t\t\t\t\t\t\t<div class=\"elementor-spacer\">\n\t\t\t<div class=\"elementor-spacer-inner\"><\/div>\n\t\t<\/div>\n\t\t\t\t\t\t<\/div>\n\t\t\t\t<\/div>\n\t\t\t\t<div class=\"elementor-element elementor-element-9a2f807 elementor-invisible elementor-widget elementor-widget-heading\" data-id=\"9a2f807\" data-element_type=\"widget\" data-e-type=\"widget\" data-settings=\"{&quot;_animation&quot;:&quot;fadeIn&quot;}\" data-widget_type=\"heading.default\">\n\t\t\t\t<div class=\"elementor-widget-container\">\n\t\t\t\t\t<h2 class=\"elementor-heading-title elementor-size-default\">\u30d5\u30e9\u30f3\u30b9\u306e\u30db\u30e1\u30aa\u30d1\u30b7\u30fc\u6620\u753b\u4e0a\u6620\u4f1a\u3092\u3088\u308d\u3057\u304f\u304a\u9858\u3044\u3057\u307e\u3059\uff01<\/h2>\t\t\t\t<\/div>\n\t\t\t\t<\/div>\n\t\t\t\t<div class=\"elementor-element elementor-element-3dd0b89 animated-slow elementor-invisible elementor-widget elementor-widget-text-editor\" data-id=\"3dd0b89\" data-element_type=\"widget\" data-e-type=\"widget\" data-settings=\"{&quot;_animation&quot;:&quot;fadeIn&quot;}\" data-widget_type=\"text-editor.default\">\n\t\t\t\t<div class=\"elementor-widget-container\">\n\t\t\t\t\t\t\t\t\t<p>Merci de votre int\u00e9r\u00eat pour \u00ab \u30db\u30e1\u30aa\u30d1\u30b7\u30fc\u306e\u3054\u7d39\u4ecb \u00bb !\u516c\u958b\u3055\u308c\u305f\u6700\u521d\u306e\u6620\u753b\u306f\u30a2\u30af\u30bb\u30b9\u53ef\u80fd\u3067\u3059\u3002\u65b0\u305f\u306b\u96fb\u5b50\u30e1\u30fc\u30eb\u3092\u9001\u4fe1\u3057\u3066\u9023\u7d61\u3059\u308b\u5fc5\u8981\u304c\u3042\u308a\u307e\u3059\u3002<\/p>\t\t\t\t\t\t\t\t<\/div>\n\t\t\t\t<\/div>\n\t\t\t\t<div class=\"elementor-element elementor-element-9f20c7e animated-slow elementor-hidden-desktop elementor-hidden-tablet elementor-hidden-mobile elementor-invisible elementor-widget elementor-widget-text-editor\" data-id=\"9f20c7e\" data-element_type=\"widget\" data-e-type=\"widget\" data-settings=\"{&quot;_animation&quot;:&quot;fadeIn&quot;}\" data-widget_type=\"text-editor.default\">\n\t\t\t\t<div class=\"elementor-widget-container\">\n\t\t\t\t\t\t\t\t\t<p>\u6620\u753b\u306b\u95a2\u3059\u308b\u8b1b\u7fa9\u3092\u53d7\u8b1b\u3059\u308b\u30af\u30ea\u30b1\u30b9\uff01\u30d5\u30a7\u30eb\u30de\u30fc\u306f\u3001\u30c7\u30d3\u30e5\u30fc\u4f5c\u306e\u6620\u753b\u3092\u518d\u63a5\u7d9a\u3059\u308b\u7fa9\u52d9\u3068\u7fa9\u52d9\u3092\u8ca0\u3063\u3066\u3044\u307e\u3059\u3002\u30da\u30fc\u30b8\u3092\u4e2d\u6b62\u3059\u308b\u524d\u306b\u3001\u6295\u7968\u4f4d\u7f6e\u3092\u78ba\u8a8d\u3057\u3066\u304f\u3060\u3055\u3044\u3002. <em><strong>\u554f\u984c\u306b\u95a2\u3059\u308b\u8cea\u554f\u3084\u6280\u8853\u306b\u3064\u3044\u3066\u306f\u3001thefilm@introducinghomeopathy.com \u307e\u3067\u3054\u9023\u7d61\u304f\u3060\u3055\u3044\u3002\u30dc\u30f3\u8b1b\u5ea7\uff01<\/strong><\/em><\/p><p>&#8230;&#8230;&#8230;.<\/p><p><em>\u4e0b\u306e\u518d\u751f\u30dc\u30bf\u30f3\u3092\u30af\u30ea\u30c3\u30af\u3057\u3066\u52d5\u753b\u3092\u3054\u89a7\u304f\u3060\u3055\u3044\uff01\u3053\u306e\u30bf\u30d6\u3092\u9589\u3058\u308b\u3068\u3001\u518d\u5ea6\u30ed\u30b0\u30a4\u30f3\u3057\u3066\u6700\u521d\u304b\u3089\u52d5\u753b\u3092\u8996\u8074\u3059\u308b\u5fc5\u8981\u304c\u3042\u308a\u307e\u3059\u306e\u3067\u3001\u3053\u306e\u30da\u30fc\u30b8\u3092\u9589\u3058\u308b\u524d\u306b\u8996\u8074\u4f4d\u7f6e\u3092\u5fc5\u305a\u30e1\u30e2\u3057\u3066\u304a\u3044\u3066\u304f\u3060\u3055\u3044\u3002\u3054\u8cea\u554f\u3084\u6280\u8853\u7684\u306a\u554f\u984c\u304c\u3042\u308a\u307e\u3057\u305f\u3089\u3001thefilm@introducinghomeopathy.com \u307e\u3067\u3054\u9023\u7d61\u304f\u3060\u3055\u3044\u3002\u304a\u697d\u3057\u307f\u304f\u3060\u3055\u3044\uff01<\/em><\/p>\t\t\t\t\t\t\t\t<\/div>\n\t\t\t\t<\/div>\n\t\t\t\t<div class=\"elementor-element elementor-element-b2fa542 elementor-hidden-desktop elementor-hidden-tablet elementor-hidden-mobile elementor-widget elementor-widget-video\" data-id=\"b2fa542\" data-element_type=\"widget\" data-e-type=\"widget\" data-settings=\"{&quot;video_type&quot;:&quot;vimeo&quot;}\" data-widget_type=\"video.default\">\n\t\t\t\t<div class=\"elementor-widget-container\">\n\t\t\t\t\t\t\t<div class=\"elementor-wrapper elementor-open-inline\">\n\t\t\t<iframe class=\"elementor-video-iframe lazyload\" allowfullscreen allow=\"clipboard-write\" title=\"Reprodutor de v\u00eddeo vimeo\" data-src=\"https:\/\/player.vimeo.com\/video\/1074086644?color&amp;autopause=0&amp;loop=0&amp;muted=0&amp;title=1&amp;portrait=1&amp;byline=1&amp;h=6212aeca00#t=\" data-no-translation-title=\"\" src=\"data:image\/svg+xml;base64,PHN2ZyB3aWR0aD0iMSIgaGVpZ2h0PSIxIiB4bWxucz0iaHR0cDovL3d3dy53My5vcmcvMjAwMC9zdmciPjwvc3ZnPg==\" data-load-mode=\"1\"><\/iframe>\t\t<\/div>\n\t\t\t\t\t\t<\/div>\n\t\t\t\t<\/div>\n\t\t\t\t\t<\/div>\n\t\t<\/div>\n\t\t\t\t\t<\/div>\n\t\t<\/section>\n\t\t\t\t<section class=\"elementor-section elementor-top-section elementor-element elementor-element-a3f3d9f elementor-section-boxed elementor-section-height-default elementor-section-height-default\" data-id=\"a3f3d9f\" data-element_type=\"section\" data-e-type=\"section\" data-settings=\"{&quot;background_background&quot;:&quot;classic&quot;}\">\n\t\t\t\t\t\t<div class=\"elementor-container elementor-column-gap-default\">\n\t\t\t\t\t<div class=\"elementor-column elementor-col-100 elementor-top-column elementor-element elementor-element-b32fd52\" data-id=\"b32fd52\" data-element_type=\"column\" data-e-type=\"column\">\n\t\t\t<div class=\"elementor-widget-wrap elementor-element-populated\">\n\t\t\t\t\t\t<div class=\"elementor-element elementor-element-deba1d9 animated-slow elementor-invisible elementor-widget elementor-widget-heading\" data-id=\"deba1d9\" data-element_type=\"widget\" data-e-type=\"widget\" data-settings=\"{&quot;_animation&quot;:&quot;fadeIn&quot;}\" data-widget_type=\"heading.default\">\n\t\t\t\t<div class=\"elementor-widget-container\">\n\t\t\t\t\t<h1 class=\"elementor-heading-title elementor-size-default\">Faites un pas de plus avec l&#039;hom\u00e9opathie !<\/h1>\t\t\t\t<\/div>\n\t\t\t\t<\/div>\n\t\t\t\t<div class=\"elementor-element elementor-element-01ac5a1 animated-slow elementor-invisible elementor-widget elementor-widget-text-editor\" data-id=\"01ac5a1\" data-element_type=\"widget\" data-e-type=\"widget\" data-settings=\"{&quot;_animation&quot;:&quot;fadeIn&quot;}\" data-widget_type=\"text-editor.default\">\n\t\t\t\t<div class=\"elementor-widget-container\">\n\t\t\t\t\t\t\t\t\t<p>\u30ce\u30fc\u30c8\u30eb\u30da\u30fc\u30b8\u306b\u76f8\u8ac7\u3059\u308b\u3068\u3001\u30db\u30e1\u30aa\u30d1\u30b7\u30fc\u306e\u30ce\u30fc\u30c8\u30eb\u30b3\u30ec\u30af\u30b7\u30e7\u30f3\u306e\u30ea\u30bd\u30fc\u30b9\u304c 20 \u4ef6\u3042\u308a\u3001\u9ad8\u54c1\u8cea\u306e\u30db\u30e1\u30aa\u30d1\u30b7\u30fc\u3001\u30b3\u30fc\u30b9\u306e\u898f\u5b9a\u3001\u51fa\u7248\u7269\u3001\u8ad6\u6587\u3001\u8a3a\u7642\u6240\u3001\u7814\u7a76\u6a5f\u95a2\u306a\u3069\u306e\u30ea\u30bd\u30fc\u30b9\u304c 20 \u4ef6\u3042\u308a\u307e\u3059\u3002.<\/p>\t\t\t\t\t\t\t\t<\/div>\n\t\t\t\t<\/div>\n\t\t\t\t<div class=\"elementor-element elementor-element-fde3cf7 elementor-align-center elementor-widget elementor-widget-button\" data-id=\"fde3cf7\" data-element_type=\"widget\" data-e-type=\"widget\" data-widget_type=\"button.default\">\n\t\t\t\t<div class=\"elementor-widget-container\">\n\t\t\t\t\t\t\t\t\t<div class=\"elementor-button-wrapper\">\n\t\t\t\t\t<a class=\"elementor-button elementor-button-link elementor-size-sm\" href=\"https:\/\/introducinghomeopathy.com\/resources\/\">\n\t\t\t\t\t\t<span class=\"elementor-button-content-wrapper\">\n\t\t\t\t\t\t\t\t\t<span class=\"elementor-button-text\">\u30bd\u30fc\u30b9\u3092\u767a\u898b\u3057\u3066\u304f\u3060\u3055\u3044!<\/span>\n\t\t\t\t\t<\/span>\n\t\t\t\t\t<\/a>\n\t\t\t\t<\/div>\n\t\t\t\t\t\t\t\t<\/div>\n\t\t\t\t<\/div>\n\t\t\t\t<div class=\"elementor-element elementor-element-488c8e3 elementor-hidden-desktop elementor-hidden-tablet elementor-widget elementor-widget-spacer\" data-id=\"488c8e3\" data-element_type=\"widget\" data-e-type=\"widget\" data-widget_type=\"spacer.default\">\n\t\t\t\t<div class=\"elementor-widget-container\">\n\t\t\t\t\t\t\t<div class=\"elementor-spacer\">\n\t\t\t<div class=\"elementor-spacer-inner\"><\/div>\n\t\t<\/div>\n\t\t\t\t\t\t<\/div>\n\t\t\t\t<\/div>\n\t\t\t\t\t<\/div>\n\t\t<\/div>\n\t\t\t\t\t<\/div>\n\t\t<\/section>\n\t\t\t\t<section class=\"elementor-section elementor-top-section elementor-element elementor-element-bfe64a2 elementor-section-boxed elementor-section-height-default elementor-section-height-default\" data-id=\"bfe64a2\" data-element_type=\"section\" data-e-type=\"section\" data-settings=\"{&quot;background_background&quot;:&quot;classic&quot;}\">\n\t\t\t\t\t\t<div class=\"elementor-container elementor-column-gap-default\">\n\t\t\t\t\t<div class=\"elementor-column elementor-col-100 elementor-top-column elementor-element elementor-element-ff53504\" data-id=\"ff53504\" data-element_type=\"column\" data-e-type=\"column\">\n\t\t\t<div class=\"elementor-widget-wrap elementor-element-populated\">\n\t\t\t\t\t\t<div class=\"elementor-element elementor-element-751a27f elementor-widget elementor-widget-image\" data-id=\"751a27f\" data-element_type=\"widget\" data-e-type=\"widget\" data-widget_type=\"image.default\">\n\t\t\t\t<div class=\"elementor-widget-container\">\n\t\t\t\t\t\t\t\t\t\t\t\t\t\t\t<img decoding=\"async\" width=\"300\" height=\"50\" data-src=\"https:\/\/introducinghomeopathy.com\/wp-content\/uploads\/2023\/08\/WHN-Course-Banners-9-300x50.png\" class=\"attachment-medium size-medium wp-image-951 lazyload\" alt=\"\" data-srcset=\"https:\/\/introducinghomeopathy.com\/wp-content\/uploads\/2023\/08\/WHN-Course-Banners-9-300x50.png 300w, https:\/\/introducinghomeopathy.com\/wp-content\/uploads\/2023\/08\/WHN-Course-Banners-9-600x100.png 600w, https:\/\/introducinghomeopathy.com\/wp-content\/uploads\/2023\/08\/WHN-Course-Banners-9-1024x170.png 1024w, https:\/\/introducinghomeopathy.com\/wp-content\/uploads\/2023\/08\/WHN-Course-Banners-9-768x128.png 768w, https:\/\/introducinghomeopathy.com\/wp-content\/uploads\/2023\/08\/WHN-Course-Banners-9-1536x256.png 1536w, https:\/\/introducinghomeopathy.com\/wp-content\/uploads\/2023\/08\/WHN-Course-Banners-9.png 1785w\" data-sizes=\"(max-width: 300px) 100vw, 300px\" src=\"data:image\/svg+xml;base64,PHN2ZyB3aWR0aD0iMSIgaGVpZ2h0PSIxIiB4bWxucz0iaHR0cDovL3d3dy53My5vcmcvMjAwMC9zdmciPjwvc3ZnPg==\" style=\"--smush-placeholder-width: 300px; --smush-placeholder-aspect-ratio: 300\/50;\" \/>\t\t\t\t\t\t\t\t\t\t\t\t\t\t\t<\/div>\n\t\t\t\t<\/div>\n\t\t\t\t<div class=\"elementor-element elementor-element-1140baa elementor-hidden-mobile elementor-widget elementor-widget-spacer\" data-id=\"1140baa\" data-element_type=\"widget\" data-e-type=\"widget\" data-widget_type=\"spacer.default\">\n\t\t\t\t<div class=\"elementor-widget-container\">\n\t\t\t\t\t\t\t<div class=\"elementor-spacer\">\n\t\t\t<div class=\"elementor-spacer-inner\"><\/div>\n\t\t<\/div>\n\t\t\t\t\t\t<\/div>\n\t\t\t\t<\/div>\n\t\t\t\t\t<\/div>\n\t\t<\/div>\n\t\t\t\t\t<\/div>\n\t\t<\/section>\n\t\t\t\t<section class=\"elementor-section elementor-top-section elementor-element elementor-element-c5d31a4 elementor-section-boxed elementor-section-height-default elementor-section-height-default\" data-id=\"c5d31a4\" data-element_type=\"section\" data-e-type=\"section\" data-settings=\"{&quot;background_background&quot;:&quot;classic&quot;}\">\n\t\t\t\t\t\t<div class=\"elementor-container elementor-column-gap-default\">\n\t\t\t\t\t<div class=\"elementor-column elementor-col-100 elementor-top-column elementor-element elementor-element-d1da2b0\" data-id=\"d1da2b0\" data-element_type=\"column\" data-e-type=\"column\">\n\t\t\t<div class=\"elementor-widget-wrap elementor-element-populated\">\n\t\t\t\t\t\t<div class=\"elementor-element elementor-element-ad7edd7 elementor-hidden-mobile elementor-widget elementor-widget-spacer\" data-id=\"ad7edd7\" data-element_type=\"widget\" data-e-type=\"widget\" data-widget_type=\"spacer.default\">\n\t\t\t\t<div class=\"elementor-widget-container\">\n\t\t\t\t\t\t\t<div class=\"elementor-spacer\">\n\t\t\t<div class=\"elementor-spacer-inner\"><\/div>\n\t\t<\/div>\n\t\t\t\t\t\t<\/div>\n\t\t\t\t<\/div>\n\t\t\t\t\t<\/div>\n\t\t<\/div>\n\t\t\t\t\t<\/div>\n\t\t<\/section>\n\t\t\t\t<\/div>","protected":false},"excerpt":{"rendered":"<p>Regardez le film Pr\u00e9sentation de l&#8217;Hom\u00e9opathie avec sous-titres fran\u00e7ais ! Merci de votre int\u00e9r\u00eat pour \u00ab\u00a0Introducing Homeopathy\u00a0\u00bb\u00a0! Le film n&#8217;est actuellement pas accessible au public. Nous vous contacterons par e-mail d\u00e8s qu&#8217;il sera \u00e0 nouveau disponible\u00a0! Cliquez sur le bouton de lecture ci-dessous pour regarder le film ! Fermer cet onglet vous obligera \u00e0 vous reconnecter et \u00e0 regarder le film depuis le d\u00e9but. Assurez-vous donc de noter votre position avant de quitter cette page. Pour toute question ou probl\u00e8me technique, veuillez nous contacter \u00e0 l&#8217;adresse thefilm@introducinghomeopathy.com. Bonne lecture! &#8230;&#8230;&#8230;. Click the play button below to watch the film! Closing this tab will require you to login again and watch [&hellip;]<\/p>\n","protected":false},"author":2,"featured_media":3858,"parent":0,"menu_order":0,"comment_status":"closed","ping_status":"closed","template":"elementor_header_footer","meta":{"give_campaign_id":0,"pmpro_default_level":"","footnotes":""},"class_list":["post-6606","page","type-page","status-publish","has-post-thumbnail","hentry","pmpro-has-access"],"yoast_head":"<!-- This site is optimized with the Yoast SEO plugin v27.5 - https:\/\/yoast.com\/product\/yoast-seo-wordpress\/ -->\n<title>Introducing Homeopathy - French Subtitles - Introducing Homeopathy The Film<\/title>\n<meta name=\"robots\" content=\"index, follow, max-snippet:-1, max-image-preview:large, max-video-preview:-1\" \/>\n<link rel=\"canonical\" href=\"https:\/\/introducinghomeopathy.com\/ja\/french-film\/\" \/>\n<meta property=\"og:locale\" content=\"ja_JP\" \/>\n<meta property=\"og:type\" content=\"article\" \/>\n<meta property=\"og:title\" content=\"Introducing Homeopathy - The Film\" \/>\n<meta property=\"og:description\" content=\"A new documentary film reshaping the medical landscape and restoring Homeopathy&#039;s\" \/>\n<meta property=\"og:url\" content=\"https:\/\/introducinghomeopathy.com\/ja\/french-film\/\" \/>\n<meta property=\"og:site_name\" content=\"Introducing Homeopathy The Film\" \/>\n<meta property=\"article:publisher\" content=\"https:\/\/www.facebook.com\/introducinghomeopathy\" \/>\n<meta property=\"article:modified_time\" content=\"2025-04-23T16:34:55+00:00\" \/>\n<meta property=\"og:image\" content=\"https:\/\/introducinghomeopathy.com\/wp-content\/uploads\/2023\/10\/Coming-2024-65.png\" \/>\n\t<meta property=\"og:image:width\" content=\"1920\" \/>\n\t<meta property=\"og:image:height\" content=\"1000\" \/>\n\t<meta property=\"og:image:type\" content=\"image\/png\" \/>\n<meta name=\"twitter:card\" content=\"summary_large_image\" \/>\n<meta name=\"twitter:label1\" content=\"\u63a8\u5b9a\u8aad\u307f\u53d6\u308a\u6642\u9593\" \/>\n\t<meta name=\"twitter:data1\" content=\"1\u5206\" \/>\n<script type=\"application\/ld+json\" class=\"yoast-schema-graph\">{\"@context\":\"https:\\\/\\\/schema.org\",\"@graph\":[{\"@type\":\"WebPage\",\"@id\":\"https:\\\/\\\/introducinghomeopathy.com\\\/french-film\\\/\",\"url\":\"https:\\\/\\\/introducinghomeopathy.com\\\/french-film\\\/\",\"name\":\"Introducing Homeopathy - French Subtitles - Introducing Homeopathy The Film\",\"isPartOf\":{\"@id\":\"https:\\\/\\\/introducinghomeopathy.com\\\/#website\"},\"primaryImageOfPage\":{\"@id\":\"https:\\\/\\\/introducinghomeopathy.com\\\/french-film\\\/#primaryimage\"},\"image\":{\"@id\":\"https:\\\/\\\/introducinghomeopathy.com\\\/french-film\\\/#primaryimage\"},\"thumbnailUrl\":\"https:\\\/\\\/introducinghomeopathy.com\\\/wp-content\\\/uploads\\\/2024\\\/01\\\/IH-SOCIAL-MEDIA-2024-01-04T161529.458.png\",\"datePublished\":\"2025-04-09T21:36:08+00:00\",\"dateModified\":\"2025-04-23T16:34:55+00:00\",\"breadcrumb\":{\"@id\":\"https:\\\/\\\/introducinghomeopathy.com\\\/french-film\\\/#breadcrumb\"},\"inLanguage\":\"ja\",\"potentialAction\":[{\"@type\":\"ReadAction\",\"target\":[\"https:\\\/\\\/introducinghomeopathy.com\\\/french-film\\\/\"]}]},{\"@type\":\"ImageObject\",\"inLanguage\":\"ja\",\"@id\":\"https:\\\/\\\/introducinghomeopathy.com\\\/french-film\\\/#primaryimage\",\"url\":\"https:\\\/\\\/introducinghomeopathy.com\\\/wp-content\\\/uploads\\\/2024\\\/01\\\/IH-SOCIAL-MEDIA-2024-01-04T161529.458.png\",\"contentUrl\":\"https:\\\/\\\/introducinghomeopathy.com\\\/wp-content\\\/uploads\\\/2024\\\/01\\\/IH-SOCIAL-MEDIA-2024-01-04T161529.458.png\",\"width\":1080,\"height\":1080},{\"@type\":\"BreadcrumbList\",\"@id\":\"https:\\\/\\\/introducinghomeopathy.com\\\/french-film\\\/#breadcrumb\",\"itemListElement\":[{\"@type\":\"ListItem\",\"position\":1,\"name\":\"Home\",\"item\":\"https:\\\/\\\/introducinghomeopathy.com\\\/\"},{\"@type\":\"ListItem\",\"position\":2,\"name\":\"Introducing Homeopathy &#8211; French Subtitles\"}]},{\"@type\":\"WebSite\",\"@id\":\"https:\\\/\\\/introducinghomeopathy.com\\\/#website\",\"url\":\"https:\\\/\\\/introducinghomeopathy.com\\\/\",\"name\":\"Introducing Homeopathy - The Film\",\"description\":\"A proving of Homeopathy&rsquo;s place as a standard in medicine.\",\"publisher\":{\"@id\":\"https:\\\/\\\/introducinghomeopathy.com\\\/#organization\"},\"potentialAction\":[{\"@type\":\"SearchAction\",\"target\":{\"@type\":\"EntryPoint\",\"urlTemplate\":\"https:\\\/\\\/introducinghomeopathy.com\\\/?s={search_term_string}\"},\"query-input\":{\"@type\":\"PropertyValueSpecification\",\"valueRequired\":true,\"valueName\":\"search_term_string\"}}],\"inLanguage\":\"ja\"},{\"@type\":\"Organization\",\"@id\":\"https:\\\/\\\/introducinghomeopathy.com\\\/#organization\",\"name\":\"Introducing Homeopathy The Film\",\"url\":\"https:\\\/\\\/introducinghomeopathy.com\\\/\",\"logo\":{\"@type\":\"ImageObject\",\"inLanguage\":\"ja\",\"@id\":\"https:\\\/\\\/introducinghomeopathy.com\\\/#\\\/schema\\\/logo\\\/image\\\/\",\"url\":\"https:\\\/\\\/introducinghomeopathy.com\\\/wp-content\\\/uploads\\\/2023\\\/10\\\/Coming-2024-65.png\",\"contentUrl\":\"https:\\\/\\\/introducinghomeopathy.com\\\/wp-content\\\/uploads\\\/2023\\\/10\\\/Coming-2024-65.png\",\"width\":1920,\"height\":1000,\"caption\":\"Introducing Homeopathy The Film\"},\"image\":{\"@id\":\"https:\\\/\\\/introducinghomeopathy.com\\\/#\\\/schema\\\/logo\\\/image\\\/\"},\"sameAs\":[\"https:\\\/\\\/www.facebook.com\\\/introducinghomeopathy\",\"https:\\\/\\\/www.instagram.com\\\/introducinghomeopathy\\\/\"]}]}<\/script>\n<!-- \/ Yoast SEO plugin. -->","yoast_head_json":{"title":"Introducing Homeopathy - French Subtitles - Introducing Homeopathy The Film","robots":{"index":"index","follow":"follow","max-snippet":"max-snippet:-1","max-image-preview":"max-image-preview:large","max-video-preview":"max-video-preview:-1"},"canonical":"https:\/\/introducinghomeopathy.com\/ja\/french-film\/","og_locale":"ja_JP","og_type":"article","og_title":"Introducing Homeopathy - The Film","og_description":"A new documentary film reshaping the medical landscape and restoring Homeopathy's","og_url":"https:\/\/introducinghomeopathy.com\/ja\/french-film\/","og_site_name":"Introducing Homeopathy The Film","article_publisher":"https:\/\/www.facebook.com\/introducinghomeopathy","article_modified_time":"2025-04-23T16:34:55+00:00","og_image":[{"width":1920,"height":1000,"url":"https:\/\/introducinghomeopathy.com\/wp-content\/uploads\/2023\/10\/Coming-2024-65.png","type":"image\/png"}],"twitter_card":"summary_large_image","twitter_misc":{"\u63a8\u5b9a\u8aad\u307f\u53d6\u308a\u6642\u9593":"1\u5206"},"schema":{"@context":"https:\/\/schema.org","@graph":[{"@type":"WebPage","@id":"https:\/\/introducinghomeopathy.com\/french-film\/","url":"https:\/\/introducinghomeopathy.com\/french-film\/","name":"Introducing Homeopathy - French Subtitles - Introducing Homeopathy The Film","isPartOf":{"@id":"https:\/\/introducinghomeopathy.com\/#website"},"primaryImageOfPage":{"@id":"https:\/\/introducinghomeopathy.com\/french-film\/#primaryimage"},"image":{"@id":"https:\/\/introducinghomeopathy.com\/french-film\/#primaryimage"},"thumbnailUrl":"https:\/\/introducinghomeopathy.com\/wp-content\/uploads\/2024\/01\/IH-SOCIAL-MEDIA-2024-01-04T161529.458.png","datePublished":"2025-04-09T21:36:08+00:00","dateModified":"2025-04-23T16:34:55+00:00","breadcrumb":{"@id":"https:\/\/introducinghomeopathy.com\/french-film\/#breadcrumb"},"inLanguage":"ja","potentialAction":[{"@type":"ReadAction","target":["https:\/\/introducinghomeopathy.com\/french-film\/"]}]},{"@type":"ImageObject","inLanguage":"ja","@id":"https:\/\/introducinghomeopathy.com\/french-film\/#primaryimage","url":"https:\/\/introducinghomeopathy.com\/wp-content\/uploads\/2024\/01\/IH-SOCIAL-MEDIA-2024-01-04T161529.458.png","contentUrl":"https:\/\/introducinghomeopathy.com\/wp-content\/uploads\/2024\/01\/IH-SOCIAL-MEDIA-2024-01-04T161529.458.png","width":1080,"height":1080},{"@type":"BreadcrumbList","@id":"https:\/\/introducinghomeopathy.com\/french-film\/#breadcrumb","itemListElement":[{"@type":"ListItem","position":1,"name":"Home","item":"https:\/\/introducinghomeopathy.com\/"},{"@type":"ListItem","position":2,"name":"Introducing Homeopathy &#8211; French Subtitles"}]},{"@type":"WebSite","@id":"https:\/\/introducinghomeopathy.com\/#website","url":"https:\/\/introducinghomeopathy.com\/","name":"\u30db\u30e1\u30aa\u30d1\u30b7\u30fc\u306e\u7d39\u4ecb - \u6620\u753b","description":"\u30db\u30e1\u30aa\u30d1\u30b7\u30fc\u304c\u533b\u5b66\u306e\u6a19\u6e96\u3068\u3057\u3066\u306e\u5730\u4f4d\u3092\u78ba\u7acb\u3057\u305f\u3053\u3068\u3092\u8a3c\u660e\u3057\u307e\u3059\u3002","publisher":{"@id":"https:\/\/introducinghomeopathy.com\/#organization"},"potentialAction":[{"@type":"SearchAction","target":{"@type":"EntryPoint","urlTemplate":"https:\/\/introducinghomeopathy.com\/?s={search_term_string}"},"query-input":{"@type":"PropertyValueSpecification","valueRequired":true,"valueName":"search_term_string"}}],"inLanguage":"ja"},{"@type":"Organization","@id":"https:\/\/introducinghomeopathy.com\/#organization","name":"\u30db\u30e1\u30aa\u30d1\u30b7\u30fc\u6620\u753b\u306e\u7d39\u4ecb","url":"https:\/\/introducinghomeopathy.com\/","logo":{"@type":"ImageObject","inLanguage":"ja","@id":"https:\/\/introducinghomeopathy.com\/#\/schema\/logo\/image\/","url":"https:\/\/introducinghomeopathy.com\/wp-content\/uploads\/2023\/10\/Coming-2024-65.png","contentUrl":"https:\/\/introducinghomeopathy.com\/wp-content\/uploads\/2023\/10\/Coming-2024-65.png","width":1920,"height":1000,"caption":"Introducing Homeopathy The Film"},"image":{"@id":"https:\/\/introducinghomeopathy.com\/#\/schema\/logo\/image\/"},"sameAs":["https:\/\/www.facebook.com\/introducinghomeopathy","https:\/\/www.instagram.com\/introducinghomeopathy\/"]}]}},"campaignId":"","_links":{"self":[{"href":"https:\/\/introducinghomeopathy.com\/ja\/wp-json\/wp\/v2\/pages\/6606","targetHints":{"allow":["GET"]}}],"collection":[{"href":"https:\/\/introducinghomeopathy.com\/ja\/wp-json\/wp\/v2\/pages"}],"about":[{"href":"https:\/\/introducinghomeopathy.com\/ja\/wp-json\/wp\/v2\/types\/page"}],"author":[{"embeddable":true,"href":"https:\/\/introducinghomeopathy.com\/ja\/wp-json\/wp\/v2\/users\/2"}],"replies":[{"embeddable":true,"href":"https:\/\/introducinghomeopathy.com\/ja\/wp-json\/wp\/v2\/comments?post=6606"}],"version-history":[{"count":0,"href":"https:\/\/introducinghomeopathy.com\/ja\/wp-json\/wp\/v2\/pages\/6606\/revisions"}],"wp:featuredmedia":[{"embeddable":true,"href":"https:\/\/introducinghomeopathy.com\/ja\/wp-json\/wp\/v2\/media\/3858"}],"wp:attachment":[{"href":"https:\/\/introducinghomeopathy.com\/ja\/wp-json\/wp\/v2\/media?parent=6606"}],"curies":[{"name":"wp","href":"https:\/\/api.w.org\/{rel}","templated":true}]}}