{"id":6666,"date":"2025-04-21T20:19:16","date_gmt":"2025-04-21T20:19:16","guid":{"rendered":"https:\/\/introducinghomeopathy.com\/?page_id=6666"},"modified":"2025-06-09T13:56:09","modified_gmt":"2025-06-09T13:56:09","slug":"watch-now-english","status":"publish","type":"page","link":"https:\/\/introducinghomeopathy.com\/es\/watch-now-english\/","title":{"rendered":"Introducing Homeopathy &#8211; English"},"content":{"rendered":"<div data-elementor-type=\"wp-page\" data-elementor-id=\"6666\" class=\"elementor elementor-6666\" data-elementor-post-type=\"page\">\n\t\t\t\t\t\t<section class=\"elementor-section elementor-top-section elementor-element elementor-element-a4388fa elementor-section-boxed elementor-section-height-default elementor-section-height-default\" data-id=\"a4388fa\" data-element_type=\"section\" data-e-type=\"section\" data-settings=\"{&quot;background_background&quot;:&quot;gradient&quot;}\">\n\t\t\t\t\t\t<div class=\"elementor-container elementor-column-gap-default\">\n\t\t\t\t\t<div class=\"elementor-column elementor-col-100 elementor-top-column elementor-element elementor-element-206d283\" data-id=\"206d283\" data-element_type=\"column\" data-e-type=\"column\">\n\t\t\t<div class=\"elementor-widget-wrap elementor-element-populated\">\n\t\t\t\t\t\t<div class=\"elementor-element elementor-element-ca05318 elementor-widget elementor-widget-spacer\" data-id=\"ca05318\" data-element_type=\"widget\" data-e-type=\"widget\" data-widget_type=\"spacer.default\">\n\t\t\t\t<div class=\"elementor-widget-container\">\n\t\t\t\t\t\t\t<div class=\"elementor-spacer\">\n\t\t\t<div class=\"elementor-spacer-inner\"><\/div>\n\t\t<\/div>\n\t\t\t\t\t\t<\/div>\n\t\t\t\t<\/div>\n\t\t\t\t<div class=\"elementor-element elementor-element-9a2f807 elementor-invisible elementor-widget elementor-widget-heading\" data-id=\"9a2f807\" data-element_type=\"widget\" data-e-type=\"widget\" data-settings=\"{&quot;_animation&quot;:&quot;fadeIn&quot;}\" data-widget_type=\"heading.default\">\n\t\t\t\t<div class=\"elementor-widget-container\">\n\t\t\t\t\t<h2 class=\"elementor-heading-title elementor-size-default\">\u00a1Mira Introducci\u00f3n a la Homeopat\u00eda!<\/h2>\t\t\t\t<\/div>\n\t\t\t\t<\/div>\n\t\t\t\t<div class=\"elementor-element elementor-element-9f20c7e animated-slow elementor-invisible elementor-widget elementor-widget-text-editor\" data-id=\"9f20c7e\" data-element_type=\"widget\" data-e-type=\"widget\" data-settings=\"{&quot;_animation&quot;:&quot;fadeIn&quot;}\" data-widget_type=\"text-editor.default\">\n\t\t\t\t<div class=\"elementor-widget-container\">\n\t\t\t\t\t\t\t\t\t<p>\u00a1Haz clic en el bot\u00f3n de reproducci\u00f3n a continuaci\u00f3n para ver la pel\u00edcula! Cerrar esta pesta\u00f1a te obligar\u00e1 a iniciar sesi\u00f3n de nuevo y ver la pel\u00edcula desde el principio, as\u00ed que aseg\u00farate de anotar tu ubicaci\u00f3n antes de salir de esta p\u00e1gina. Si tienes alguna pregunta o problema t\u00e9cnico, cont\u00e1ctanos en thefilm@introducinghomeopathy.com. \u00a1Que la disfrutes!<\/p>\t\t\t\t\t\t\t\t<\/div>\n\t\t\t\t<\/div>\n\t\t\t\t<div class=\"elementor-element elementor-element-b2fa542 elementor-widget elementor-widget-video\" data-id=\"b2fa542\" data-element_type=\"widget\" data-e-type=\"widget\" data-settings=\"{&quot;video_type&quot;:&quot;vimeo&quot;}\" data-widget_type=\"video.default\">\n\t\t\t\t<div class=\"elementor-widget-container\">\n\t\t\t\t\t\t\t<div class=\"elementor-wrapper elementor-open-inline\">\n\t\t\t<iframe class=\"elementor-video-iframe lazyload\" allowfullscreen allow=\"clipboard-write\" title=\"Reproductor de v\u00eddeo de Vimeo\" data-src=\"https:\/\/player.vimeo.com\/video\/1072532100?color&amp;autopause=0&amp;loop=0&amp;muted=0&amp;title=1&amp;portrait=1&amp;byline=1&amp;h=c80033fba5#t=\" src=\"data:image\/svg+xml;base64,PHN2ZyB3aWR0aD0iMSIgaGVpZ2h0PSIxIiB4bWxucz0iaHR0cDovL3d3dy53My5vcmcvMjAwMC9zdmciPjwvc3ZnPg==\" data-load-mode=\"1\"><\/iframe>\t\t<\/div>\n\t\t\t\t\t\t<\/div>\n\t\t\t\t<\/div>\n\t\t\t\t\t<\/div>\n\t\t<\/div>\n\t\t\t\t\t<\/div>\n\t\t<\/section>\n\t\t\t\t<section class=\"elementor-section elementor-top-section elementor-element elementor-element-a3f3d9f elementor-section-boxed elementor-section-height-default elementor-section-height-default\" data-id=\"a3f3d9f\" data-element_type=\"section\" data-e-type=\"section\" data-settings=\"{&quot;background_background&quot;:&quot;classic&quot;}\">\n\t\t\t\t\t\t<div class=\"elementor-container elementor-column-gap-default\">\n\t\t\t\t\t<div class=\"elementor-column elementor-col-100 elementor-top-column elementor-element elementor-element-b32fd52\" data-id=\"b32fd52\" data-element_type=\"column\" data-e-type=\"column\">\n\t\t\t<div class=\"elementor-widget-wrap elementor-element-populated\">\n\t\t\t\t\t\t<div class=\"elementor-element elementor-element-deba1d9 animated-slow elementor-invisible elementor-widget elementor-widget-heading\" data-id=\"deba1d9\" data-element_type=\"widget\" data-e-type=\"widget\" data-settings=\"{&quot;_animation&quot;:&quot;fadeIn&quot;}\" data-widget_type=\"heading.default\">\n\t\t\t\t<div class=\"elementor-widget-container\">\n\t\t\t\t\t<h1 class=\"elementor-heading-title elementor-size-default\">\u00a1Da tus pr\u00f3ximos pasos con la homeopat\u00eda!<\/h1>\t\t\t\t<\/div>\n\t\t\t\t<\/div>\n\t\t\t\t<div class=\"elementor-element elementor-element-01ac5a1 animated-slow elementor-invisible elementor-widget elementor-widget-text-editor\" data-id=\"01ac5a1\" data-element_type=\"widget\" data-e-type=\"widget\" data-settings=\"{&quot;_animation&quot;:&quot;fadeIn&quot;}\" data-widget_type=\"text-editor.default\">\n\t\t\t\t<div class=\"elementor-widget-container\">\n\t\t\t\t\t\t\t\t\t<p>Visite nuestra p\u00e1gina de Recursos de homeopat\u00eda para ver nuestra colecci\u00f3n de m\u00e1s de 20 recursos de homeopat\u00eda de alta calidad, incluidos cursos, libros, art\u00edculos, profesionales, instituciones de investigaci\u00f3n y m\u00e1s.<\/p>\t\t\t\t\t\t\t\t<\/div>\n\t\t\t\t<\/div>\n\t\t\t\t<div class=\"elementor-element elementor-element-fde3cf7 elementor-align-center elementor-widget elementor-widget-button\" data-id=\"fde3cf7\" data-element_type=\"widget\" data-e-type=\"widget\" data-widget_type=\"button.default\">\n\t\t\t\t<div class=\"elementor-widget-container\">\n\t\t\t\t\t\t\t\t\t<div class=\"elementor-button-wrapper\">\n\t\t\t\t\t<a class=\"elementor-button elementor-button-link elementor-size-sm\" href=\"https:\/\/introducinghomeopathy.com\/resources\/\">\n\t\t\t\t\t\t<span class=\"elementor-button-content-wrapper\">\n\t\t\t\t\t\t\t\t\t<span class=\"elementor-button-text\">\u00a1Explora los recursos!<\/span>\n\t\t\t\t\t<\/span>\n\t\t\t\t\t<\/a>\n\t\t\t\t<\/div>\n\t\t\t\t\t\t\t\t<\/div>\n\t\t\t\t<\/div>\n\t\t\t\t<div class=\"elementor-element elementor-element-488c8e3 elementor-hidden-desktop elementor-hidden-tablet elementor-widget elementor-widget-spacer\" data-id=\"488c8e3\" data-element_type=\"widget\" data-e-type=\"widget\" data-widget_type=\"spacer.default\">\n\t\t\t\t<div class=\"elementor-widget-container\">\n\t\t\t\t\t\t\t<div class=\"elementor-spacer\">\n\t\t\t<div class=\"elementor-spacer-inner\"><\/div>\n\t\t<\/div>\n\t\t\t\t\t\t<\/div>\n\t\t\t\t<\/div>\n\t\t\t\t\t<\/div>\n\t\t<\/div>\n\t\t\t\t\t<\/div>\n\t\t<\/section>\n\t\t\t\t<section class=\"elementor-section elementor-top-section elementor-element elementor-element-bfe64a2 elementor-section-boxed elementor-section-height-default elementor-section-height-default\" data-id=\"bfe64a2\" data-element_type=\"section\" data-e-type=\"section\" data-settings=\"{&quot;background_background&quot;:&quot;classic&quot;}\">\n\t\t\t\t\t\t<div class=\"elementor-container elementor-column-gap-default\">\n\t\t\t\t\t<div class=\"elementor-column elementor-col-100 elementor-top-column elementor-element elementor-element-ff53504\" data-id=\"ff53504\" data-element_type=\"column\" data-e-type=\"column\">\n\t\t\t<div class=\"elementor-widget-wrap elementor-element-populated\">\n\t\t\t\t\t\t<div class=\"elementor-element elementor-element-751a27f elementor-widget elementor-widget-image\" data-id=\"751a27f\" data-element_type=\"widget\" data-e-type=\"widget\" data-widget_type=\"image.default\">\n\t\t\t\t<div class=\"elementor-widget-container\">\n\t\t\t\t\t\t\t\t\t\t\t\t\t\t\t<img decoding=\"async\" width=\"300\" height=\"50\" data-src=\"https:\/\/introducinghomeopathy.com\/wp-content\/uploads\/2023\/08\/WHN-Course-Banners-9-300x50.png\" class=\"attachment-medium size-medium wp-image-951 lazyload\" alt=\"\" data-srcset=\"https:\/\/introducinghomeopathy.com\/wp-content\/uploads\/2023\/08\/WHN-Course-Banners-9-300x50.png 300w, https:\/\/introducinghomeopathy.com\/wp-content\/uploads\/2023\/08\/WHN-Course-Banners-9-600x100.png 600w, https:\/\/introducinghomeopathy.com\/wp-content\/uploads\/2023\/08\/WHN-Course-Banners-9-1024x170.png 1024w, https:\/\/introducinghomeopathy.com\/wp-content\/uploads\/2023\/08\/WHN-Course-Banners-9-768x128.png 768w, https:\/\/introducinghomeopathy.com\/wp-content\/uploads\/2023\/08\/WHN-Course-Banners-9-1536x256.png 1536w, https:\/\/introducinghomeopathy.com\/wp-content\/uploads\/2023\/08\/WHN-Course-Banners-9.png 1785w\" data-sizes=\"(max-width: 300px) 100vw, 300px\" src=\"data:image\/svg+xml;base64,PHN2ZyB3aWR0aD0iMSIgaGVpZ2h0PSIxIiB4bWxucz0iaHR0cDovL3d3dy53My5vcmcvMjAwMC9zdmciPjwvc3ZnPg==\" style=\"--smush-placeholder-width: 300px; --smush-placeholder-aspect-ratio: 300\/50;\" \/>\t\t\t\t\t\t\t\t\t\t\t\t\t\t\t<\/div>\n\t\t\t\t<\/div>\n\t\t\t\t<div class=\"elementor-element elementor-element-1140baa elementor-hidden-mobile elementor-widget elementor-widget-spacer\" data-id=\"1140baa\" data-element_type=\"widget\" data-e-type=\"widget\" data-widget_type=\"spacer.default\">\n\t\t\t\t<div class=\"elementor-widget-container\">\n\t\t\t\t\t\t\t<div class=\"elementor-spacer\">\n\t\t\t<div class=\"elementor-spacer-inner\"><\/div>\n\t\t<\/div>\n\t\t\t\t\t\t<\/div>\n\t\t\t\t<\/div>\n\t\t\t\t\t<\/div>\n\t\t<\/div>\n\t\t\t\t\t<\/div>\n\t\t<\/section>\n\t\t\t\t<section class=\"elementor-section elementor-top-section elementor-element elementor-element-c5d31a4 elementor-section-boxed elementor-section-height-default elementor-section-height-default\" data-id=\"c5d31a4\" data-element_type=\"section\" data-e-type=\"section\" data-settings=\"{&quot;background_background&quot;:&quot;classic&quot;}\">\n\t\t\t\t\t\t<div class=\"elementor-container elementor-column-gap-default\">\n\t\t\t\t\t<div class=\"elementor-column elementor-col-100 elementor-top-column elementor-element elementor-element-d1da2b0\" data-id=\"d1da2b0\" data-element_type=\"column\" data-e-type=\"column\">\n\t\t\t<div class=\"elementor-widget-wrap elementor-element-populated\">\n\t\t\t\t\t\t<div class=\"elementor-element elementor-element-ad7edd7 elementor-hidden-mobile elementor-widget elementor-widget-spacer\" data-id=\"ad7edd7\" data-element_type=\"widget\" data-e-type=\"widget\" data-widget_type=\"spacer.default\">\n\t\t\t\t<div class=\"elementor-widget-container\">\n\t\t\t\t\t\t\t<div class=\"elementor-spacer\">\n\t\t\t<div class=\"elementor-spacer-inner\"><\/div>\n\t\t<\/div>\n\t\t\t\t\t\t<\/div>\n\t\t\t\t<\/div>\n\t\t\t\t\t<\/div>\n\t\t<\/div>\n\t\t\t\t\t<\/div>\n\t\t<\/section>\n\t\t\t\t<\/div>","protected":false},"excerpt":{"rendered":"<p>Watch Introducing Homeopathy! Click the play button below to watch the film! Closing this tab will require you to login again and watch the film from the beginning, so be sure to note your place before exiting this page. For any questions or technical issues, please contact us at thefilm@introducinghomeopathy.com. Enjoy! https:\/\/vimeo.com\/1072532100\/c80033fba5 Take Your Next [&hellip;]<\/p>\n","protected":false},"author":2,"featured_media":3858,"parent":0,"menu_order":0,"comment_status":"closed","ping_status":"closed","template":"elementor_header_footer","meta":{"give_campaign_id":0,"pmpro_default_level":"","footnotes":""},"class_list":["post-6666","page","type-page","status-publish","has-post-thumbnail","hentry","pmpro-has-access"],"yoast_head":"<!-- This site is optimized with the Yoast SEO plugin v27.5 - https:\/\/yoast.com\/product\/yoast-seo-wordpress\/ -->\n<title>Introducing Homeopathy - English - Introducing Homeopathy The Film<\/title>\n<meta name=\"robots\" content=\"index, follow, max-snippet:-1, max-image-preview:large, max-video-preview:-1\" \/>\n<link rel=\"canonical\" href=\"https:\/\/introducinghomeopathy.com\/es\/watch-now-english\/\" \/>\n<meta property=\"og:locale\" content=\"es_MX\" \/>\n<meta property=\"og:type\" content=\"article\" \/>\n<meta property=\"og:title\" content=\"Introducing Homeopathy - The Film\" \/>\n<meta property=\"og:description\" content=\"A new documentary film reshaping the medical landscape and restoring Homeopathy&#039;s\" \/>\n<meta property=\"og:url\" content=\"https:\/\/introducinghomeopathy.com\/es\/watch-now-english\/\" \/>\n<meta property=\"og:site_name\" content=\"Introducing Homeopathy The Film\" \/>\n<meta property=\"article:publisher\" content=\"https:\/\/www.facebook.com\/introducinghomeopathy\" \/>\n<meta property=\"article:modified_time\" content=\"2025-06-09T13:56:09+00:00\" \/>\n<meta property=\"og:image\" content=\"https:\/\/introducinghomeopathy.com\/wp-content\/uploads\/2023\/10\/Coming-2024-65.png\" \/>\n\t<meta property=\"og:image:width\" content=\"1920\" \/>\n\t<meta property=\"og:image:height\" content=\"1000\" \/>\n\t<meta property=\"og:image:type\" content=\"image\/png\" \/>\n<meta name=\"twitter:card\" content=\"summary_large_image\" \/>\n<meta name=\"twitter:label1\" content=\"Tiempo de lectura\" \/>\n\t<meta name=\"twitter:data1\" content=\"1 minuto\" \/>\n<script type=\"application\/ld+json\" class=\"yoast-schema-graph\">{\"@context\":\"https:\\\/\\\/schema.org\",\"@graph\":[{\"@type\":\"WebPage\",\"@id\":\"https:\\\/\\\/introducinghomeopathy.com\\\/watch-now-english\\\/\",\"url\":\"https:\\\/\\\/introducinghomeopathy.com\\\/watch-now-english\\\/\",\"name\":\"Introducing Homeopathy - English - Introducing Homeopathy The Film\",\"isPartOf\":{\"@id\":\"https:\\\/\\\/introducinghomeopathy.com\\\/#website\"},\"primaryImageOfPage\":{\"@id\":\"https:\\\/\\\/introducinghomeopathy.com\\\/watch-now-english\\\/#primaryimage\"},\"image\":{\"@id\":\"https:\\\/\\\/introducinghomeopathy.com\\\/watch-now-english\\\/#primaryimage\"},\"thumbnailUrl\":\"https:\\\/\\\/introducinghomeopathy.com\\\/wp-content\\\/uploads\\\/2024\\\/01\\\/IH-SOCIAL-MEDIA-2024-01-04T161529.458.png\",\"datePublished\":\"2025-04-21T20:19:16+00:00\",\"dateModified\":\"2025-06-09T13:56:09+00:00\",\"breadcrumb\":{\"@id\":\"https:\\\/\\\/introducinghomeopathy.com\\\/watch-now-english\\\/#breadcrumb\"},\"inLanguage\":\"es\",\"potentialAction\":[{\"@type\":\"ReadAction\",\"target\":[\"https:\\\/\\\/introducinghomeopathy.com\\\/watch-now-english\\\/\"]}]},{\"@type\":\"ImageObject\",\"inLanguage\":\"es\",\"@id\":\"https:\\\/\\\/introducinghomeopathy.com\\\/watch-now-english\\\/#primaryimage\",\"url\":\"https:\\\/\\\/introducinghomeopathy.com\\\/wp-content\\\/uploads\\\/2024\\\/01\\\/IH-SOCIAL-MEDIA-2024-01-04T161529.458.png\",\"contentUrl\":\"https:\\\/\\\/introducinghomeopathy.com\\\/wp-content\\\/uploads\\\/2024\\\/01\\\/IH-SOCIAL-MEDIA-2024-01-04T161529.458.png\",\"width\":1080,\"height\":1080},{\"@type\":\"BreadcrumbList\",\"@id\":\"https:\\\/\\\/introducinghomeopathy.com\\\/watch-now-english\\\/#breadcrumb\",\"itemListElement\":[{\"@type\":\"ListItem\",\"position\":1,\"name\":\"Home\",\"item\":\"https:\\\/\\\/introducinghomeopathy.com\\\/\"},{\"@type\":\"ListItem\",\"position\":2,\"name\":\"Introducing Homeopathy &#8211; English\"}]},{\"@type\":\"WebSite\",\"@id\":\"https:\\\/\\\/introducinghomeopathy.com\\\/#website\",\"url\":\"https:\\\/\\\/introducinghomeopathy.com\\\/\",\"name\":\"Introducing Homeopathy - The Film\",\"description\":\"A proving of Homeopathy&rsquo;s place as a standard in medicine.\",\"publisher\":{\"@id\":\"https:\\\/\\\/introducinghomeopathy.com\\\/#organization\"},\"potentialAction\":[{\"@type\":\"SearchAction\",\"target\":{\"@type\":\"EntryPoint\",\"urlTemplate\":\"https:\\\/\\\/introducinghomeopathy.com\\\/?s={search_term_string}\"},\"query-input\":{\"@type\":\"PropertyValueSpecification\",\"valueRequired\":true,\"valueName\":\"search_term_string\"}}],\"inLanguage\":\"es\"},{\"@type\":\"Organization\",\"@id\":\"https:\\\/\\\/introducinghomeopathy.com\\\/#organization\",\"name\":\"Introducing Homeopathy The Film\",\"url\":\"https:\\\/\\\/introducinghomeopathy.com\\\/\",\"logo\":{\"@type\":\"ImageObject\",\"inLanguage\":\"es\",\"@id\":\"https:\\\/\\\/introducinghomeopathy.com\\\/#\\\/schema\\\/logo\\\/image\\\/\",\"url\":\"https:\\\/\\\/introducinghomeopathy.com\\\/wp-content\\\/uploads\\\/2023\\\/10\\\/Coming-2024-65.png\",\"contentUrl\":\"https:\\\/\\\/introducinghomeopathy.com\\\/wp-content\\\/uploads\\\/2023\\\/10\\\/Coming-2024-65.png\",\"width\":1920,\"height\":1000,\"caption\":\"Introducing Homeopathy The Film\"},\"image\":{\"@id\":\"https:\\\/\\\/introducinghomeopathy.com\\\/#\\\/schema\\\/logo\\\/image\\\/\"},\"sameAs\":[\"https:\\\/\\\/www.facebook.com\\\/introducinghomeopathy\",\"https:\\\/\\\/www.instagram.com\\\/introducinghomeopathy\\\/\"]}]}<\/script>\n<!-- \/ Yoast SEO plugin. -->","yoast_head_json":{"title":"Introducing Homeopathy - English - Introducing Homeopathy The Film","robots":{"index":"index","follow":"follow","max-snippet":"max-snippet:-1","max-image-preview":"max-image-preview:large","max-video-preview":"max-video-preview:-1"},"canonical":"https:\/\/introducinghomeopathy.com\/es\/watch-now-english\/","og_locale":"es_MX","og_type":"article","og_title":"Introducing Homeopathy - The Film","og_description":"A new documentary film reshaping the medical landscape and restoring Homeopathy's","og_url":"https:\/\/introducinghomeopathy.com\/es\/watch-now-english\/","og_site_name":"Introducing Homeopathy The Film","article_publisher":"https:\/\/www.facebook.com\/introducinghomeopathy","article_modified_time":"2025-06-09T13:56:09+00:00","og_image":[{"width":1920,"height":1000,"url":"https:\/\/introducinghomeopathy.com\/wp-content\/uploads\/2023\/10\/Coming-2024-65.png","type":"image\/png"}],"twitter_card":"summary_large_image","twitter_misc":{"Tiempo de lectura":"1 minuto"},"schema":{"@context":"https:\/\/schema.org","@graph":[{"@type":"WebPage","@id":"https:\/\/introducinghomeopathy.com\/watch-now-english\/","url":"https:\/\/introducinghomeopathy.com\/watch-now-english\/","name":"Introducing Homeopathy - English - Introducing Homeopathy The Film","isPartOf":{"@id":"https:\/\/introducinghomeopathy.com\/#website"},"primaryImageOfPage":{"@id":"https:\/\/introducinghomeopathy.com\/watch-now-english\/#primaryimage"},"image":{"@id":"https:\/\/introducinghomeopathy.com\/watch-now-english\/#primaryimage"},"thumbnailUrl":"https:\/\/introducinghomeopathy.com\/wp-content\/uploads\/2024\/01\/IH-SOCIAL-MEDIA-2024-01-04T161529.458.png","datePublished":"2025-04-21T20:19:16+00:00","dateModified":"2025-06-09T13:56:09+00:00","breadcrumb":{"@id":"https:\/\/introducinghomeopathy.com\/watch-now-english\/#breadcrumb"},"inLanguage":"es","potentialAction":[{"@type":"ReadAction","target":["https:\/\/introducinghomeopathy.com\/watch-now-english\/"]}]},{"@type":"ImageObject","inLanguage":"es","@id":"https:\/\/introducinghomeopathy.com\/watch-now-english\/#primaryimage","url":"https:\/\/introducinghomeopathy.com\/wp-content\/uploads\/2024\/01\/IH-SOCIAL-MEDIA-2024-01-04T161529.458.png","contentUrl":"https:\/\/introducinghomeopathy.com\/wp-content\/uploads\/2024\/01\/IH-SOCIAL-MEDIA-2024-01-04T161529.458.png","width":1080,"height":1080},{"@type":"BreadcrumbList","@id":"https:\/\/introducinghomeopathy.com\/watch-now-english\/#breadcrumb","itemListElement":[{"@type":"ListItem","position":1,"name":"Home","item":"https:\/\/introducinghomeopathy.com\/"},{"@type":"ListItem","position":2,"name":"Introducing Homeopathy &#8211; English"}]},{"@type":"WebSite","@id":"https:\/\/introducinghomeopathy.com\/#website","url":"https:\/\/introducinghomeopathy.com\/","name":"Introducci\u00f3n a la homeopat\u00eda - La pel\u00edcula","description":"A proving of Homeopathy&rsquo;s place as a standard in medicine.","publisher":{"@id":"https:\/\/introducinghomeopathy.com\/#organization"},"potentialAction":[{"@type":"SearchAction","target":{"@type":"EntryPoint","urlTemplate":"https:\/\/introducinghomeopathy.com\/?s={search_term_string}"},"query-input":{"@type":"PropertyValueSpecification","valueRequired":true,"valueName":"search_term_string"}}],"inLanguage":"es"},{"@type":"Organization","@id":"https:\/\/introducinghomeopathy.com\/#organization","name":"Presentando la Homeopat\u00eda La Pel\u00edcula","url":"https:\/\/introducinghomeopathy.com\/","logo":{"@type":"ImageObject","inLanguage":"es","@id":"https:\/\/introducinghomeopathy.com\/#\/schema\/logo\/image\/","url":"https:\/\/introducinghomeopathy.com\/wp-content\/uploads\/2023\/10\/Coming-2024-65.png","contentUrl":"https:\/\/introducinghomeopathy.com\/wp-content\/uploads\/2023\/10\/Coming-2024-65.png","width":1920,"height":1000,"caption":"Introducing Homeopathy The Film"},"image":{"@id":"https:\/\/introducinghomeopathy.com\/#\/schema\/logo\/image\/"},"sameAs":["https:\/\/www.facebook.com\/introducinghomeopathy","https:\/\/www.instagram.com\/introducinghomeopathy\/"]}]}},"campaignId":"","_links":{"self":[{"href":"https:\/\/introducinghomeopathy.com\/es\/wp-json\/wp\/v2\/pages\/6666","targetHints":{"allow":["GET"]}}],"collection":[{"href":"https:\/\/introducinghomeopathy.com\/es\/wp-json\/wp\/v2\/pages"}],"about":[{"href":"https:\/\/introducinghomeopathy.com\/es\/wp-json\/wp\/v2\/types\/page"}],"author":[{"embeddable":true,"href":"https:\/\/introducinghomeopathy.com\/es\/wp-json\/wp\/v2\/users\/2"}],"replies":[{"embeddable":true,"href":"https:\/\/introducinghomeopathy.com\/es\/wp-json\/wp\/v2\/comments?post=6666"}],"version-history":[{"count":0,"href":"https:\/\/introducinghomeopathy.com\/es\/wp-json\/wp\/v2\/pages\/6666\/revisions"}],"wp:featuredmedia":[{"embeddable":true,"href":"https:\/\/introducinghomeopathy.com\/es\/wp-json\/wp\/v2\/media\/3858"}],"wp:attachment":[{"href":"https:\/\/introducinghomeopathy.com\/es\/wp-json\/wp\/v2\/media?parent=6666"}],"curies":[{"name":"gracias","href":"https:\/\/api.w.org\/{rel}","templated":true}]}}