{"id":4231,"date":"2024-01-18T19:58:30","date_gmt":"2024-01-18T19:58:30","guid":{"rendered":"https:\/\/introducinghomeopathy.com\/cart\/"},"modified":"2024-01-23T20:09:52","modified_gmt":"2024-01-23T20:09:52","slug":"cart","status":"publish","type":"page","link":"https:\/\/introducinghomeopathy.com\/es\/cart\/","title":{"rendered":"Cart"},"content":{"rendered":"<div data-elementor-type=\"wp-page\" data-elementor-id=\"4231\" class=\"elementor elementor-4231\" data-elementor-post-type=\"page\">\n\t\t\t\t\t\t<section class=\"elementor-section elementor-top-section elementor-element elementor-element-7cdccd8f elementor-section-height-min-height elementor-section-boxed elementor-section-height-default elementor-section-items-middle\" data-id=\"7cdccd8f\" data-element_type=\"section\" data-e-type=\"section\" data-settings=\"{&quot;background_background&quot;:&quot;gradient&quot;}\">\n\t\t\t\t\t\t<div class=\"elementor-container elementor-column-gap-default\">\n\t\t\t\t\t<div class=\"elementor-column elementor-col-100 elementor-top-column elementor-element elementor-element-15ddbaf\" data-id=\"15ddbaf\" data-element_type=\"column\" data-e-type=\"column\">\n\t\t\t<div class=\"elementor-widget-wrap elementor-element-populated\">\n\t\t\t\t\t\t<div class=\"elementor-element elementor-element-0af7bd4 elementor-widget elementor-widget-heading\" data-id=\"0af7bd4\" data-element_type=\"widget\" data-e-type=\"widget\" data-widget_type=\"heading.default\">\n\t\t\t\t<div class=\"elementor-widget-container\">\n\t\t\t\t\t<h2 class=\"elementor-heading-title elementor-size-default\">Tu carrito<\/h2>\t\t\t\t<\/div>\n\t\t\t\t<\/div>\n\t\t\t\t<div class=\"elementor-element elementor-element-2e5e5f5 elementor-widget elementor-widget-spacer\" data-id=\"2e5e5f5\" data-element_type=\"widget\" data-e-type=\"widget\" data-widget_type=\"spacer.default\">\n\t\t\t\t<div class=\"elementor-widget-container\">\n\t\t\t\t\t\t\t<div class=\"elementor-spacer\">\n\t\t\t<div class=\"elementor-spacer-inner\"><\/div>\n\t\t<\/div>\n\t\t\t\t\t\t<\/div>\n\t\t\t\t<\/div>\n\t\t\t\t<div class=\"elementor-element elementor-element-9ccaf8c elementor-widget elementor-widget-spacer\" data-id=\"9ccaf8c\" data-element_type=\"widget\" data-e-type=\"widget\" data-widget_type=\"spacer.default\">\n\t\t\t\t<div class=\"elementor-widget-container\">\n\t\t\t\t\t\t\t<div class=\"elementor-spacer\">\n\t\t\t<div class=\"elementor-spacer-inner\"><\/div>\n\t\t<\/div>\n\t\t\t\t\t\t<\/div>\n\t\t\t\t<\/div>\n\t\t\t\t\t<\/div>\n\t\t<\/div>\n\t\t\t\t\t<\/div>\n\t\t<\/section>\n\t\t\t\t<\/div>","protected":false},"excerpt":{"rendered":"<p>Your Cart Remove item Thumbnail image Product Price Quantity Subtotal &times; In-Person Exclusive Screening Admission &#36;1.00 In-Person Exclusive Screening Admission quantity &#36;2.00 Update Cart Apply coupon Cart Totals Subtotal &#36;2.00 Total &#36;2.00 Proceed to Checkout<\/p>","protected":false},"author":1,"featured_media":0,"parent":0,"menu_order":0,"comment_status":"closed","ping_status":"closed","template":"elementor_header_footer","meta":{"give_campaign_id":0,"pmpro_default_level":"","footnotes":""},"class_list":["post-4231","page","type-page","status-publish","hentry","pmpro-has-access"],"yoast_head":"<!-- This site is optimized with the Yoast SEO plugin v27.5 - https:\/\/yoast.com\/product\/yoast-seo-wordpress\/ -->\n<title>Cart - Introducing Homeopathy The Film<\/title>\n<meta name=\"robots\" content=\"index, follow, max-snippet:-1, max-image-preview:large, max-video-preview:-1\" \/>\n<link rel=\"canonical\" href=\"https:\/\/introducinghomeopathy.com\/es\/cart\/\" \/>\n<meta property=\"og:locale\" content=\"es_MX\" \/>\n<meta property=\"og:type\" content=\"article\" \/>\n<meta property=\"og:title\" content=\"Cart - Introducing Homeopathy The Film\" \/>\n<meta property=\"og:description\" content=\"Your Cart Remove item Thumbnail image Product Price Quantity Subtotal &times; In-Person Exclusive Screening Admission &#036;1.00 In-Person Exclusive Screening Admission quantity &#036;2.00 Update Cart Apply coupon Cart Totals Subtotal &#036;2.00 Total &#036;2.00 Proceed to Checkout\" \/>\n<meta property=\"og:url\" content=\"https:\/\/introducinghomeopathy.com\/es\/cart\/\" \/>\n<meta property=\"og:site_name\" content=\"Introducing Homeopathy The Film\" \/>\n<meta property=\"article:publisher\" content=\"https:\/\/www.facebook.com\/introducinghomeopathy\" \/>\n<meta property=\"article:modified_time\" content=\"2024-01-23T20:09:52+00:00\" \/>\n<meta property=\"og:image\" content=\"https:\/\/introducinghomeopathy.com\/wp-content\/uploads\/2024\/01\/IH-Vet-Video-QR-Code-47.png\" \/>\n<meta name=\"twitter:card\" content=\"summary_large_image\" \/>\n<meta name=\"twitter:label1\" content=\"Tiempo de lectura\" \/>\n\t<meta name=\"twitter:data1\" content=\"1 minuto\" \/>\n<script type=\"application\/ld+json\" class=\"yoast-schema-graph\">{\"@context\":\"https:\\\/\\\/schema.org\",\"@graph\":[{\"@type\":\"WebPage\",\"@id\":\"https:\\\/\\\/introducinghomeopathy.com\\\/cart\\\/\",\"url\":\"https:\\\/\\\/introducinghomeopathy.com\\\/cart\\\/\",\"name\":\"Cart - Introducing Homeopathy The Film\",\"isPartOf\":{\"@id\":\"https:\\\/\\\/introducinghomeopathy.com\\\/#website\"},\"primaryImageOfPage\":{\"@id\":\"https:\\\/\\\/introducinghomeopathy.com\\\/cart\\\/#primaryimage\"},\"image\":{\"@id\":\"https:\\\/\\\/introducinghomeopathy.com\\\/cart\\\/#primaryimage\"},\"thumbnailUrl\":\"https:\\\/\\\/introducinghomeopathy.com\\\/wp-content\\\/uploads\\\/2024\\\/01\\\/IH-Vet-Video-QR-Code-47.png\",\"datePublished\":\"2024-01-18T19:58:30+00:00\",\"dateModified\":\"2024-01-23T20:09:52+00:00\",\"breadcrumb\":{\"@id\":\"https:\\\/\\\/introducinghomeopathy.com\\\/cart\\\/#breadcrumb\"},\"inLanguage\":\"es\",\"potentialAction\":[{\"@type\":\"ReadAction\",\"target\":[\"https:\\\/\\\/introducinghomeopathy.com\\\/cart\\\/\"]}]},{\"@type\":\"ImageObject\",\"inLanguage\":\"es\",\"@id\":\"https:\\\/\\\/introducinghomeopathy.com\\\/cart\\\/#primaryimage\",\"url\":\"https:\\\/\\\/introducinghomeopathy.com\\\/wp-content\\\/uploads\\\/2024\\\/01\\\/IH-Vet-Video-QR-Code-47.png\",\"contentUrl\":\"https:\\\/\\\/introducinghomeopathy.com\\\/wp-content\\\/uploads\\\/2024\\\/01\\\/IH-Vet-Video-QR-Code-47.png\"},{\"@type\":\"BreadcrumbList\",\"@id\":\"https:\\\/\\\/introducinghomeopathy.com\\\/cart\\\/#breadcrumb\",\"itemListElement\":[{\"@type\":\"ListItem\",\"position\":1,\"name\":\"Home\",\"item\":\"https:\\\/\\\/introducinghomeopathy.com\\\/\"},{\"@type\":\"ListItem\",\"position\":2,\"name\":\"Cart\"}]},{\"@type\":\"WebSite\",\"@id\":\"https:\\\/\\\/introducinghomeopathy.com\\\/#website\",\"url\":\"https:\\\/\\\/introducinghomeopathy.com\\\/\",\"name\":\"Introducing Homeopathy - The Film\",\"description\":\"A proving of Homeopathy&rsquo;s place as a standard in medicine.\",\"publisher\":{\"@id\":\"https:\\\/\\\/introducinghomeopathy.com\\\/#organization\"},\"potentialAction\":[{\"@type\":\"SearchAction\",\"target\":{\"@type\":\"EntryPoint\",\"urlTemplate\":\"https:\\\/\\\/introducinghomeopathy.com\\\/?s={search_term_string}\"},\"query-input\":{\"@type\":\"PropertyValueSpecification\",\"valueRequired\":true,\"valueName\":\"search_term_string\"}}],\"inLanguage\":\"es\"},{\"@type\":\"Organization\",\"@id\":\"https:\\\/\\\/introducinghomeopathy.com\\\/#organization\",\"name\":\"Introducing Homeopathy The Film\",\"url\":\"https:\\\/\\\/introducinghomeopathy.com\\\/\",\"logo\":{\"@type\":\"ImageObject\",\"inLanguage\":\"es\",\"@id\":\"https:\\\/\\\/introducinghomeopathy.com\\\/#\\\/schema\\\/logo\\\/image\\\/\",\"url\":\"https:\\\/\\\/introducinghomeopathy.com\\\/wp-content\\\/uploads\\\/2023\\\/10\\\/Coming-2024-65.png\",\"contentUrl\":\"https:\\\/\\\/introducinghomeopathy.com\\\/wp-content\\\/uploads\\\/2023\\\/10\\\/Coming-2024-65.png\",\"width\":1920,\"height\":1000,\"caption\":\"Introducing Homeopathy The Film\"},\"image\":{\"@id\":\"https:\\\/\\\/introducinghomeopathy.com\\\/#\\\/schema\\\/logo\\\/image\\\/\"},\"sameAs\":[\"https:\\\/\\\/www.facebook.com\\\/introducinghomeopathy\",\"https:\\\/\\\/www.instagram.com\\\/introducinghomeopathy\\\/\"]}]}<\/script>\n<!-- \/ Yoast SEO plugin. -->","yoast_head_json":{"title":"Cart - Introducing Homeopathy The Film","robots":{"index":"index","follow":"follow","max-snippet":"max-snippet:-1","max-image-preview":"max-image-preview:large","max-video-preview":"max-video-preview:-1"},"canonical":"https:\/\/introducinghomeopathy.com\/es\/cart\/","og_locale":"es_MX","og_type":"article","og_title":"Cart - Introducing Homeopathy The Film","og_description":"Your Cart Remove item Thumbnail image Product Price Quantity Subtotal &times; In-Person Exclusive Screening Admission &#36;1.00 In-Person Exclusive Screening Admission quantity &#36;2.00 Update Cart Apply coupon Cart Totals Subtotal &#36;2.00 Total &#36;2.00 Proceed to Checkout","og_url":"https:\/\/introducinghomeopathy.com\/es\/cart\/","og_site_name":"Introducing Homeopathy The Film","article_publisher":"https:\/\/www.facebook.com\/introducinghomeopathy","article_modified_time":"2024-01-23T20:09:52+00:00","og_image":[{"url":"https:\/\/introducinghomeopathy.com\/wp-content\/uploads\/2024\/01\/IH-Vet-Video-QR-Code-47.png","type":"","width":"","height":""}],"twitter_card":"summary_large_image","twitter_misc":{"Tiempo de lectura":"1 minuto"},"schema":{"@context":"https:\/\/schema.org","@graph":[{"@type":"WebPage","@id":"https:\/\/introducinghomeopathy.com\/cart\/","url":"https:\/\/introducinghomeopathy.com\/cart\/","name":"Cart - Introducing Homeopathy The Film","isPartOf":{"@id":"https:\/\/introducinghomeopathy.com\/#website"},"primaryImageOfPage":{"@id":"https:\/\/introducinghomeopathy.com\/cart\/#primaryimage"},"image":{"@id":"https:\/\/introducinghomeopathy.com\/cart\/#primaryimage"},"thumbnailUrl":"https:\/\/introducinghomeopathy.com\/wp-content\/uploads\/2024\/01\/IH-Vet-Video-QR-Code-47.png","datePublished":"2024-01-18T19:58:30+00:00","dateModified":"2024-01-23T20:09:52+00:00","breadcrumb":{"@id":"https:\/\/introducinghomeopathy.com\/cart\/#breadcrumb"},"inLanguage":"es","potentialAction":[{"@type":"ReadAction","target":["https:\/\/introducinghomeopathy.com\/cart\/"]}]},{"@type":"ImageObject","inLanguage":"es","@id":"https:\/\/introducinghomeopathy.com\/cart\/#primaryimage","url":"https:\/\/introducinghomeopathy.com\/wp-content\/uploads\/2024\/01\/IH-Vet-Video-QR-Code-47.png","contentUrl":"https:\/\/introducinghomeopathy.com\/wp-content\/uploads\/2024\/01\/IH-Vet-Video-QR-Code-47.png"},{"@type":"BreadcrumbList","@id":"https:\/\/introducinghomeopathy.com\/cart\/#breadcrumb","itemListElement":[{"@type":"ListItem","position":1,"name":"Home","item":"https:\/\/introducinghomeopathy.com\/"},{"@type":"ListItem","position":2,"name":"Cart"}]},{"@type":"WebSite","@id":"https:\/\/introducinghomeopathy.com\/#website","url":"https:\/\/introducinghomeopathy.com\/","name":"Introducci\u00f3n a la homeopat\u00eda - La pel\u00edcula","description":"A proving of Homeopathy&rsquo;s place as a standard in medicine.","publisher":{"@id":"https:\/\/introducinghomeopathy.com\/#organization"},"potentialAction":[{"@type":"SearchAction","target":{"@type":"EntryPoint","urlTemplate":"https:\/\/introducinghomeopathy.com\/?s={search_term_string}"},"query-input":{"@type":"PropertyValueSpecification","valueRequired":true,"valueName":"search_term_string"}}],"inLanguage":"es"},{"@type":"Organization","@id":"https:\/\/introducinghomeopathy.com\/#organization","name":"Presentando la Homeopat\u00eda La Pel\u00edcula","url":"https:\/\/introducinghomeopathy.com\/","logo":{"@type":"ImageObject","inLanguage":"es","@id":"https:\/\/introducinghomeopathy.com\/#\/schema\/logo\/image\/","url":"https:\/\/introducinghomeopathy.com\/wp-content\/uploads\/2023\/10\/Coming-2024-65.png","contentUrl":"https:\/\/introducinghomeopathy.com\/wp-content\/uploads\/2023\/10\/Coming-2024-65.png","width":1920,"height":1000,"caption":"Introducing Homeopathy The Film"},"image":{"@id":"https:\/\/introducinghomeopathy.com\/#\/schema\/logo\/image\/"},"sameAs":["https:\/\/www.facebook.com\/introducinghomeopathy","https:\/\/www.instagram.com\/introducinghomeopathy\/"]}]}},"campaignId":"","_links":{"self":[{"href":"https:\/\/introducinghomeopathy.com\/es\/wp-json\/wp\/v2\/pages\/4231","targetHints":{"allow":["GET"]}}],"collection":[{"href":"https:\/\/introducinghomeopathy.com\/es\/wp-json\/wp\/v2\/pages"}],"about":[{"href":"https:\/\/introducinghomeopathy.com\/es\/wp-json\/wp\/v2\/types\/page"}],"author":[{"embeddable":true,"href":"https:\/\/introducinghomeopathy.com\/es\/wp-json\/wp\/v2\/users\/1"}],"replies":[{"embeddable":true,"href":"https:\/\/introducinghomeopathy.com\/es\/wp-json\/wp\/v2\/comments?post=4231"}],"version-history":[{"count":0,"href":"https:\/\/introducinghomeopathy.com\/es\/wp-json\/wp\/v2\/pages\/4231\/revisions"}],"wp:attachment":[{"href":"https:\/\/introducinghomeopathy.com\/es\/wp-json\/wp\/v2\/media?parent=4231"}],"curies":[{"name":"gracias","href":"https:\/\/api.w.org\/{rel}","templated":true}]}}